{"id":415,"date":"2022-02-27T16:03:46","date_gmt":"2022-02-27T15:03:46","guid":{"rendered":"https:\/\/luknaz-sport.pl\/?page_id=415"},"modified":"2026-02-14T10:32:30","modified_gmt":"2026-02-14T09:32:30","slug":"cennik","status":"publish","type":"page","link":"https:\/\/luknaz-sport.pl\/index.php\/cennik\/","title":{"rendered":"Cennik"},"content":{"rendered":"\n<p class=\"has-neve-link-color-color has-text-color\"><strong>DORADZTWO \u017bYWIENIOWE I TRENINGOWE<\/strong><\/p>\n\n\n\n<p>Indywidualny Plan Diety &#8211; 300 PLN<\/p>\n\n\n\n<p>Indywidualny Plan Treningu &#8211; 250 PLN<\/p>\n\n\n\n<p>Konsultacja Stacjonarna &#8211; 150 PLN<\/p>\n\n\n\n<p>Konsultacja On-Line &#8211; 150 PLN<\/p>\n\n\n\n<p class=\"has-neve-link-color-color has-text-color\"><strong>TRENING PERSONALNY<\/strong><\/p>\n\n\n\n<p>Trening Indywidualny &#8211; 150 PLN<\/p>\n\n\n\n<p>Trening On-Line &#8211; 150 PLN<\/p>\n\n\n\n<p>Trening We Dwoje &#8211; 200 PLN<\/p>\n\n\n\n<p class=\"has-neve-link-color-color has-text-color\"><strong>US\u0141UGI MOBILNE<\/strong><\/p>\n\n\n\n<p>Dojazd do klienta: Ursus, W\u0142ochy, Ochota, Mokot\u00f3w &#8211; <strong>Gratis<\/strong><\/p>\n\n\n\n<p>Dojazd do klienta: pozosta\u0142e dzielnice oraz miejscowo\u015bci &#8211; koszt ustalany indywidualnie, uzale\u017cniony od czasu przejazdu oraz odleg\u0142o\u015bci do klienta. Maksymalna odleg\u0142o\u015b\u0107 \u015bwiadczenia us\u0142ug mobilnych to 100km. <\/p>\n\n\n\n<p><em>W zale\u017cno\u015bci od rodzaju us\u0142ugi i porozumienia z us\u0142ugodawc\u0105, p\u0142atno\u015b\u0107 mo\u017ce odbywa\u0107 si\u0119 przed rozpocz\u0119ciem us\u0142ugi (z g\u00f3ry) lub po jej wykonaniu. Dost\u0119pne formy p\u0142atno\u015bci to got\u00f3wka oraz przelew tradycyjny. Podane ceny zawieraj\u0105 podatek VAT.<\/em><\/p>\n","protected":false},"excerpt":{"rendered":"<p>DORADZTWO \u017bYWIENIOWE I TRENINGOWE Indywidualny Plan Diety &#8211; 300 PLN Indywidualny Plan Treningu &#8211; 250 PLN Konsultacja Stacjonarna &#8211; 150 PLN Konsultacja On-Line &#8211; 150 PLN TRENING PERSONALNY Trening Indywidualny &#8211; 150 PLN Trening On-Line &#8211; 150 PLN Trening We Dwoje &#8211; 200 PLN US\u0141UGI MOBILNE Dojazd do klienta: Ursus, W\u0142ochy, Ochota, Mokot\u00f3w &#8211; Gratis&hellip;&nbsp;<a href=\"https:\/\/luknaz-sport.pl\/index.php\/cennik\/\" rel=\"bookmark\">Dowiedz si\u0119 wi\u0119cej &raquo;<span class=\"screen-reader-text\">Cennik<\/span><\/a><\/p>\n","protected":false},"author":1,"featured_media":0,"parent":0,"menu_order":0,"comment_status":"closed","ping_status":"closed","template":"","meta":{"neve_meta_sidebar":"","neve_meta_container":"","neve_meta_enable_content_width":"","neve_meta_content_width":0,"neve_meta_title_alignment":"","neve_meta_author_avatar":"","neve_post_elements_order":"","neve_meta_disable_header":"","neve_meta_disable_footer":"","neve_meta_disable_title":"","footnotes":""},"class_list":["post-415","page","type-page","status-publish","hentry"],"_links":{"self":[{"href":"https:\/\/luknaz-sport.pl\/index.php\/wp-json\/wp\/v2\/pages\/415","targetHints":{"allow":["GET"]}}],"collection":[{"href":"https:\/\/luknaz-sport.pl\/index.php\/wp-json\/wp\/v2\/pages"}],"about":[{"href":"https:\/\/luknaz-sport.pl\/index.php\/wp-json\/wp\/v2\/types\/page"}],"author":[{"embeddable":true,"href":"https:\/\/luknaz-sport.pl\/index.php\/wp-json\/wp\/v2\/users\/1"}],"replies":[{"embeddable":true,"href":"https:\/\/luknaz-sport.pl\/index.php\/wp-json\/wp\/v2\/comments?post=415"}],"version-history":[{"count":5,"href":"https:\/\/luknaz-sport.pl\/index.php\/wp-json\/wp\/v2\/pages\/415\/revisions"}],"predecessor-version":[{"id":573,"href":"https:\/\/luknaz-sport.pl\/index.php\/wp-json\/wp\/v2\/pages\/415\/revisions\/573"}],"wp:attachment":[{"href":"https:\/\/luknaz-sport.pl\/index.php\/wp-json\/wp\/v2\/media?parent=415"}],"curies":[{"name":"wp","href":"https:\/\/api.w.org\/{rel}","templated":true}]}}