{"id":306,"date":"2020-01-13T11:17:52","date_gmt":"2020-01-13T11:17:52","guid":{"rendered":"https:\/\/demosites.io\/web-agency-gb\/?page_id=5"},"modified":"2026-02-21T11:39:55","modified_gmt":"2026-02-21T10:39:55","slug":"15c42-web-agency-gb-home","status":"publish","type":"page","link":"https:\/\/luknaz-sport.pl\/","title":{"rendered":"Start"},"content":{"rendered":"\t\t<div data-elementor-type=\"wp-page\" data-elementor-id=\"306\" class=\"elementor elementor-306\">\n\t\t\t\t\t\t<section class=\"elementor-section elementor-top-section elementor-element elementor-element-3e58e92b elementor-section-boxed elementor-section-height-default elementor-section-height-default\" data-id=\"3e58e92b\" data-element_type=\"section\">\n\t\t\t\t\t\t<div class=\"elementor-container elementor-column-gap-default\">\n\t\t\t\t\t<div class=\"elementor-column elementor-col-100 elementor-top-column elementor-element elementor-element-77d80293\" data-id=\"77d80293\" data-element_type=\"column\">\n\t\t\t<div class=\"elementor-widget-wrap elementor-element-populated\">\n\t\t\t\t\t\t<div class=\"elementor-element elementor-element-3f764fe5 elementor-widget elementor-widget-text-editor\" data-id=\"3f764fe5\" data-element_type=\"widget\" data-widget_type=\"text-editor.default\">\n\t\t\t\t<div class=\"elementor-widget-container\">\n\t\t\t\t\t\t\t\t\t\n<div class=\"wp-block-cover alignfull\" style=\"min-height: 700px;aspect-ratio:unset;\"><img fetchpriority=\"high\" decoding=\"async\" class=\"wp-block-cover__image-background aligncenter wp-image-429 size-full\" src=\"https:\/\/luknaz-sport.pl\/wp-content\/uploads\/2022\/04\/O-MNIE-Orla.jpg\" alt=\"\" width=\"2014\" height=\"2015\" data-object-fit=\"cover\" srcset=\"https:\/\/luknaz-sport.pl\/wp-content\/uploads\/2022\/04\/O-MNIE-Orla.jpg 2014w, https:\/\/luknaz-sport.pl\/wp-content\/uploads\/2022\/04\/O-MNIE-Orla-300x300.jpg 300w, https:\/\/luknaz-sport.pl\/wp-content\/uploads\/2022\/04\/O-MNIE-Orla-1024x1024.jpg 1024w, https:\/\/luknaz-sport.pl\/wp-content\/uploads\/2022\/04\/O-MNIE-Orla-150x150.jpg 150w, https:\/\/luknaz-sport.pl\/wp-content\/uploads\/2022\/04\/O-MNIE-Orla-768x768.jpg 768w, https:\/\/luknaz-sport.pl\/wp-content\/uploads\/2022\/04\/O-MNIE-Orla-1536x1536.jpg 1536w\" sizes=\"(max-width: 2014px) 100vw, 2014px\" \/>\n<div class=\"wp-block-cover__inner-container is-layout-flow wp-block-cover-is-layout-flow\">\n<div class=\"wp-block-spacer\" style=\"height: 80px;\" aria-hidden=\"true\">\u00a0<\/div>\n\n<h1 id=\"strona-w-budowie\" class=\"wp-block-heading has-text-align-center has-nv-site-bg-color has-text-color\">\u00a0<\/h1>\n\n<div class=\"wp-block-spacer\" style=\"height: 80px;\" aria-hidden=\"true\">\u00a0<\/div>\n<\/div>\n<\/div>\n\n<div class=\"wp-block-spacer\" style=\"height: 80px;\" aria-hidden=\"true\">\u00a0<\/div>\n\n<div class=\"wp-block-columns is-layout-flex wp-container-core-columns-is-layout-9d6595d7 wp-block-columns-is-layout-flex\">\n<div class=\"wp-block-column is-layout-flow wp-block-column-is-layout-flow\"><div class=\"wp-block-image icon-style is-style-rounded wp-duotone-rgb2421232-ccc-7\">\n<figure class=\"aligncenter size-full\"><img decoding=\"async\" width=\"100\" height=\"100\" class=\"wp-image-361\" title=\"\" src=\"https:\/\/luknaz-sport.pl\/wp-content\/uploads\/2022\/01\/ikona-bieg-2.png\" alt=\"\" \/><\/figure>\n<\/div>\n<h3 id=\"testy-sprawnosciowe\" class=\"wp-block-heading has-text-align-center has-neve-text-color-color has-text-color\">Testy Sprawno\u015bciowe<\/h3>\n\n<p class=\"has-text-align-center\">Rekrutacja S\u0142u\u017cb Mundurowych<br \/>Szko\u0142y i Akademie Wojskowe<br \/>Sprawdzian Roczny WF<\/p>\n\n<div class=\"wp-block-spacer\" style=\"height: 51px;\" aria-hidden=\"true\">\u00a0<\/div>\n<\/div>\n\n<div class=\"wp-block-column is-layout-flow wp-block-column-is-layout-flow\"><div class=\"wp-block-image icon-style is-style-rounded wp-duotone-rgb2421232-ccc-8\">\n<figure class=\"aligncenter size-full\"><img decoding=\"async\" width=\"100\" height=\"100\" class=\"wp-image-359\" title=\"\" src=\"https:\/\/luknaz-sport.pl\/wp-content\/uploads\/2022\/01\/ikona-trening-2.png\" alt=\"\" \/><\/figure>\n<\/div>\n<h3 id=\"przygotowanie-fizyczne\" class=\"wp-block-heading has-text-align-center has-neve-text-color-color has-text-color\">Przygotowanie Fizyczne<\/h3>\n\n<p class=\"has-text-align-center\">Dyscypliny Indywidualne<br \/>Sporty Zespo\u0142owe<br \/>Sztuki Walki<\/p>\n\n<div class=\"wp-block-spacer\" style=\"height: 51px;\" aria-hidden=\"true\">\u00a0<\/div>\n<\/div>\n\n<div class=\"wp-block-column is-layout-flow wp-block-column-is-layout-flow\"><div class=\"wp-block-image icon-style is-style-rounded wp-duotone-rgb2421232-ccc-9\">\n<figure class=\"aligncenter size-full\"><img loading=\"lazy\" decoding=\"async\" width=\"100\" height=\"100\" class=\"wp-image-357\" src=\"https:\/\/luknaz-sport.pl\/wp-content\/uploads\/2022\/01\/ikona-trening-1.png\" alt=\"\" \/><\/figure>\n<\/div>\n<h3 id=\"szkolenia-i-edukacja\" class=\"wp-block-heading has-text-align-center has-neve-text-color-color has-text-color\">Programy Treningowe<\/h3>\n\n<p class=\"has-text-align-center\">Sprawno\u015b\u0107 Og\u00f3lna i Zdrowie<br \/>Poprawa Si\u0142y i Kondycji<br \/>Modelowanie Sylwetki<\/p>\n\n<div class=\"wp-block-spacer\" style=\"height: 51px;\" aria-hidden=\"true\">\u00a0<\/div>\n<\/div>\n<\/div>\n\n<div class=\"wp-block-columns is-layout-flex wp-container-core-columns-is-layout-9d6595d7 wp-block-columns-is-layout-flex\">\n<div class=\"wp-block-column is-layout-flow wp-block-column-is-layout-flow\"><div class=\"wp-block-image icon-style is-style-rounded wp-duotone-rgb2421232-ccc-10\">\n<figure class=\"aligncenter size-full\"><img loading=\"lazy\" decoding=\"async\" width=\"100\" height=\"100\" class=\"wp-image-358\" title=\"\" src=\"https:\/\/luknaz-sport.pl\/wp-content\/uploads\/2022\/01\/ikona-hantla.png\" alt=\"\" \/><\/figure>\n<\/div>\n<h3 id=\"mobilny-trening-personalny\" class=\"wp-block-heading has-text-align-center has-neve-text-color-color has-text-color\">Mobilny Trening Personalny<\/h3>\n\n<p class=\"has-text-align-center\">Dojazd Do Klienta<br \/>Trening Plenerowy<br \/>\u0106wiczenia On-Line<\/p>\n\n<div class=\"wp-block-spacer\" style=\"height: 51px;\" aria-hidden=\"true\">\u00a0<\/div>\n<\/div>\n\n<div class=\"wp-block-column is-layout-flow wp-block-column-is-layout-flow\"><div class=\"wp-block-image icon-style is-style-rounded wp-duotone-rgb2421232-ccc-11\">\n<figure class=\"aligncenter size-full\"><img loading=\"lazy\" decoding=\"async\" width=\"100\" height=\"100\" class=\"wp-image-356\" src=\"https:\/\/luknaz-sport.pl\/wp-content\/uploads\/2022\/01\/ikona-dieta-2.png\" alt=\"\" \/><\/figure>\n<\/div>\n<h3 id=\"doradztwo-zywieniowe\" class=\"wp-block-heading has-text-align-center has-neve-text-color-color has-text-color\">Doradztwo \u017bywieniowe<\/h3>\n\n<p class=\"has-text-align-center\">\u017bywienie Zbilansowane<br \/>Dieta Redukcyjna<br \/>Suplementacja<\/p>\n\n<div class=\"wp-block-spacer\" style=\"height: 51px;\" aria-hidden=\"true\">\u00a0<\/div>\n<\/div>\n\n<div class=\"wp-block-column is-layout-flow wp-block-column-is-layout-flow\"><div class=\"wp-block-image icon-style is-style-rounded wp-duotone-rgb2421232-ccc-12\">\n<figure class=\"aligncenter size-full\"><img loading=\"lazy\" decoding=\"async\" width=\"100\" height=\"100\" class=\"wp-image-362\" src=\"https:\/\/luknaz-sport.pl\/wp-content\/uploads\/2022\/01\/ikona-szkolenie.png\" alt=\"\" \/><\/figure>\n<\/div>\n<h3 id=\"programy-treningowe\" class=\"wp-block-heading has-text-align-center has-neve-text-color-color has-text-color\">Szkolenia i Edukacja<\/h3>\n\n<p class=\"has-text-align-center\">Szkolenia Indywidualne<br \/>Grupy Zorganizowane<br \/>Firmy i Plac\u00f3wki Publiczne<\/p>\n\n<div class=\"wp-block-spacer\" style=\"height: 51px;\" aria-hidden=\"true\">\u00a0<\/div>\n<\/div>\n<\/div>\n\n<div class=\"wp-block-cover alignfull\" style=\"min-height: 564px;aspect-ratio:unset;\">\n<div class=\"wp-block-cover__inner-container is-layout-flow wp-block-cover-is-layout-flow\">\n<div class=\"wp-block-group\"><div class=\"wp-block-group__inner-container is-layout-flow wp-block-group-is-layout-flow\">\n<div class=\"wp-block-columns are-vertically-aligned-center is-layout-flex wp-container-core-columns-is-layout-9d6595d7 wp-block-columns-is-layout-flex\">\n<div class=\"wp-block-column is-vertically-aligned-center is-layout-flow wp-block-column-is-layout-flow\" style=\"flex-basis: 50%;\">\n<figure class=\"wp-block-image size-large\"><img loading=\"lazy\" decoding=\"async\" class=\"alignnone wp-image-441 size-full\" src=\"https:\/\/luknaz-sport.pl\/wp-content\/uploads\/2022\/08\/Ja-Lotnik-scaled.jpg\" alt=\"\" width=\"2560\" height=\"2557\" srcset=\"https:\/\/luknaz-sport.pl\/wp-content\/uploads\/2022\/08\/Ja-Lotnik-scaled.jpg 2560w, https:\/\/luknaz-sport.pl\/wp-content\/uploads\/2022\/08\/Ja-Lotnik-300x300.jpg 300w, https:\/\/luknaz-sport.pl\/wp-content\/uploads\/2022\/08\/Ja-Lotnik-1024x1024.jpg 1024w, https:\/\/luknaz-sport.pl\/wp-content\/uploads\/2022\/08\/Ja-Lotnik-150x150.jpg 150w, https:\/\/luknaz-sport.pl\/wp-content\/uploads\/2022\/08\/Ja-Lotnik-768x767.jpg 768w, https:\/\/luknaz-sport.pl\/wp-content\/uploads\/2022\/08\/Ja-Lotnik-1536x1534.jpg 1536w, https:\/\/luknaz-sport.pl\/wp-content\/uploads\/2022\/08\/Ja-Lotnik-2048x2045.jpg 2048w\" sizes=\"(max-width: 2560px) 100vw, 2560px\" \/><\/figure>\n<\/div>\n\n<div class=\"wp-block-column is-vertically-aligned-center is-layout-flow wp-block-column-is-layout-flow\" style=\"flex-basis: 50%;\">\n<div class=\"wp-block-buttons is-horizontal is-layout-flex wp-container-core-buttons-is-layout-8a84367c wp-block-buttons-is-layout-flex\">\n<div class=\"wp-block-button\" style=\"font-style: italic; font-weight: bold;\"><a class=\"wp-block-button__link has-neve-text-color-color has-nv-site-bg-background-color has-text-color has-background wp-element-button\">Certyfikowany Trener Personalny, <br \/>pasjonat lotnictwa, s\u0142u\u017cb mundurowych, g\u00f3rskich wycieczek, motoryzacji i przede wszystkim zdrowego, aktywnego trybu \u017cycia. Od wielu lat pomagam podopiecznym walczy\u0107 ze s\u0142abo\u015bciami, przekracza\u0107 bariery oraz spe\u0142nia\u0107 marzenia. <br \/><br \/>ZAPRASZAM DO WSP\u00d3\u0141PRACY! \ud83d\ude42<\/a><\/div>\n<\/div>\n<\/div>\n<\/div>\n<\/div><\/div>\n<\/div>\n<\/div>\n\n<div class=\"wp-block-buttons is-horizontal is-content-justification-center is-layout-flex wp-container-core-buttons-is-layout-499968f5 wp-block-buttons-is-layout-flex\">\n<div class=\"wp-block-button is-style-primary\"><a class=\"wp-block-button__link wp-element-button\" href=\"https:\/\/luknaz-sport.pl\/index.php\/o-mnie\/\">O MNIE<\/a><\/div>\n<\/div>\n<hr class=\"wp-block-separator has-text-color has-nv-site-bg-color has-alpha-channel-opacity has-nv-site-bg-background-color has-background\" \/>\n<div class=\"wp-block-cover alignfull\" style=\"min-height: 300px;aspect-ratio:unset;\">\n<div class=\"wp-block-cover__inner-container is-layout-flow wp-block-cover-is-layout-flow\">\n<p>\u00a0<\/p>\n<div class=\"wp-block-image\">\n<figure class=\"aligncenter size-large is-resized\"><img loading=\"lazy\" decoding=\"async\" class=\"wp-image-518\" src=\"https:\/\/luknaz-sport.pl\/wp-content\/uploads\/2023\/02\/LUKNAZ-2022-DUAL-LOGO-1-1024x716.png\" alt=\"\" width=\"238\" height=\"167\" srcset=\"https:\/\/luknaz-sport.pl\/wp-content\/uploads\/2023\/02\/LUKNAZ-2022-DUAL-LOGO-1-1024x716.png 1024w, https:\/\/luknaz-sport.pl\/wp-content\/uploads\/2023\/02\/LUKNAZ-2022-DUAL-LOGO-1-300x210.png 300w, https:\/\/luknaz-sport.pl\/wp-content\/uploads\/2023\/02\/LUKNAZ-2022-DUAL-LOGO-1-768x537.png 768w, https:\/\/luknaz-sport.pl\/wp-content\/uploads\/2023\/02\/LUKNAZ-2022-DUAL-LOGO-1-1536x1074.png 1536w, https:\/\/luknaz-sport.pl\/wp-content\/uploads\/2023\/02\/LUKNAZ-2022-DUAL-LOGO-1-2048x1432.png 2048w\" sizes=\"(max-width: 238px) 100vw, 238px\" \/><\/figure>\n<\/div>\n<p>\u00a0<\/p>\n\n<h2 id=\"zapraszam-do-wspolpracy\" class=\"wp-block-heading has-text-align-center has-nv-dark-bg-color has-text-color\">DO ZOBACZENIA NA TRENINGU!<\/h2>\n\n<p class=\"has-text-align-center has-nv-dark-bg-color has-text-color has-medium-font-size\">+48 690 59 59 33<\/p>\n\n<div class=\"wp-block-buttons is-horizontal is-content-justification-center is-layout-flex wp-container-core-buttons-is-layout-499968f5 wp-block-buttons-is-layout-flex\"><\/div>\n\n<ul class=\"wp-block-social-links is-style-default is-layout-flex wp-block-social-links-is-layout-flex\"><li class=\"wp-social-link wp-social-link-facebook  wp-block-social-link\"><a href=\"https:\/\/www.facebook.com\/luknaz.sport\" class=\"wp-block-social-link-anchor\"><svg width=\"24\" height=\"24\" viewBox=\"0 0 24 24\" version=\"1.1\" xmlns=\"http:\/\/www.w3.org\/2000\/svg\" aria-hidden=\"true\" focusable=\"false\"><path d=\"M12 2C6.5 2 2 6.5 2 12c0 5 3.7 9.1 8.4 9.9v-7H7.9V12h2.5V9.8c0-2.5 1.5-3.9 3.8-3.9 1.1 0 2.2.2 2.2.2v2.5h-1.3c-1.2 0-1.6.8-1.6 1.6V12h2.8l-.4 2.9h-2.3v7C18.3 21.1 22 17 22 12c0-5.5-4.5-10-10-10z\"><\/path><\/svg><span class=\"wp-block-social-link-label screen-reader-text\">Facebook<\/span><\/a><\/li><li class=\"wp-social-link wp-social-link-instagram  wp-block-social-link\"><a href=\"https:\/\/www.instagram.com\/luknaz.sport\/\" class=\"wp-block-social-link-anchor\"><svg width=\"24\" height=\"24\" viewBox=\"0 0 24 24\" version=\"1.1\" xmlns=\"http:\/\/www.w3.org\/2000\/svg\" aria-hidden=\"true\" focusable=\"false\"><path d=\"M12,4.622c2.403,0,2.688,0.009,3.637,0.052c0.877,0.04,1.354,0.187,1.671,0.31c0.42,0.163,0.72,0.358,1.035,0.673 c0.315,0.315,0.51,0.615,0.673,1.035c0.123,0.317,0.27,0.794,0.31,1.671c0.043,0.949,0.052,1.234,0.052,3.637 s-0.009,2.688-0.052,3.637c-0.04,0.877-0.187,1.354-0.31,1.671c-0.163,0.42-0.358,0.72-0.673,1.035 c-0.315,0.315-0.615,0.51-1.035,0.673c-0.317,0.123-0.794,0.27-1.671,0.31c-0.949,0.043-1.233,0.052-3.637,0.052 s-2.688-0.009-3.637-0.052c-0.877-0.04-1.354-0.187-1.671-0.31c-0.42-0.163-0.72-0.358-1.035-0.673 c-0.315-0.315-0.51-0.615-0.673-1.035c-0.123-0.317-0.27-0.794-0.31-1.671C4.631,14.688,4.622,14.403,4.622,12 s0.009-2.688,0.052-3.637c0.04-0.877,0.187-1.354,0.31-1.671c0.163-0.42,0.358-0.72,0.673-1.035 c0.315-0.315,0.615-0.51,1.035-0.673c0.317-0.123,0.794-0.27,1.671-0.31C9.312,4.631,9.597,4.622,12,4.622 M12,3 C9.556,3,9.249,3.01,8.289,3.054C7.331,3.098,6.677,3.25,6.105,3.472C5.513,3.702,5.011,4.01,4.511,4.511 c-0.5,0.5-0.808,1.002-1.038,1.594C3.25,6.677,3.098,7.331,3.054,8.289C3.01,9.249,3,9.556,3,12c0,2.444,0.01,2.751,0.054,3.711 c0.044,0.958,0.196,1.612,0.418,2.185c0.23,0.592,0.538,1.094,1.038,1.594c0.5,0.5,1.002,0.808,1.594,1.038 c0.572,0.222,1.227,0.375,2.185,0.418C9.249,20.99,9.556,21,12,21s2.751-0.01,3.711-0.054c0.958-0.044,1.612-0.196,2.185-0.418 c0.592-0.23,1.094-0.538,1.594-1.038c0.5-0.5,0.808-1.002,1.038-1.594c0.222-0.572,0.375-1.227,0.418-2.185 C20.99,14.751,21,14.444,21,12s-0.01-2.751-0.054-3.711c-0.044-0.958-0.196-1.612-0.418-2.185c-0.23-0.592-0.538-1.094-1.038-1.594 c-0.5-0.5-1.002-0.808-1.594-1.038c-0.572-0.222-1.227-0.375-2.185-0.418C14.751,3.01,14.444,3,12,3L12,3z M12,7.378 c-2.552,0-4.622,2.069-4.622,4.622S9.448,16.622,12,16.622s4.622-2.069,4.622-4.622S14.552,7.378,12,7.378z M12,15 c-1.657,0-3-1.343-3-3s1.343-3,3-3s3,1.343,3,3S13.657,15,12,15z M16.804,6.116c-0.596,0-1.08,0.484-1.08,1.08 s0.484,1.08,1.08,1.08c0.596,0,1.08-0.484,1.08-1.08S17.401,6.116,16.804,6.116z\"><\/path><\/svg><span class=\"wp-block-social-link-label screen-reader-text\">Instagram<\/span><\/a><\/li><\/ul>\n\n<p>\u00a0<\/p>\n<\/div>\n<\/div>\n\t\t\t\t\t\t\t\t<\/div>\n\t\t\t\t<\/div>\n\t\t\t\t\t<\/div>\n\t\t<\/div>\n\t\t\t\t\t<\/div>\n\t\t<\/section>\n\t\t\t\t<\/div>\n\t\t","protected":false},"excerpt":{"rendered":"<p>Testy Sprawno\u015bciowe Rekrutacja S\u0142u\u017cb MundurowychSzko\u0142y i Akademie WojskoweSprawdzian Roczny WF Przygotowanie Fizyczne Dyscypliny IndywidualneSporty Zespo\u0142oweSztuki Walki Programy Treningowe Sprawno\u015b\u0107 Og\u00f3lna i ZdrowiePoprawa Si\u0142y i KondycjiModelowanie Sylwetki Mobilny Trening Personalny Dojazd Do KlientaTrening Plenerowy\u0106wiczenia On-Line Doradztwo \u017bywieniowe \u017bywienie ZbilansowaneDieta RedukcyjnaSuplementacja Szkolenia i Edukacja Szkolenia IndywidualneGrupy ZorganizowaneFirmy i Plac\u00f3wki Publiczne<\/p>\n","protected":false},"author":1,"featured_media":0,"parent":0,"menu_order":0,"comment_status":"closed","ping_status":"closed","template":"","meta":{"neve_meta_sidebar":"default","neve_meta_container":"default","neve_meta_enable_content_width":"on","neve_meta_content_width":100,"neve_meta_title_alignment":"","neve_meta_author_avatar":"","neve_post_elements_order":"","neve_meta_disable_header":"","neve_meta_disable_footer":"","neve_meta_disable_title":"on","footnotes":""},"class_list":["post-306","page","type-page","status-publish","hentry"],"_links":{"self":[{"href":"https:\/\/luknaz-sport.pl\/index.php\/wp-json\/wp\/v2\/pages\/306","targetHints":{"allow":["GET"]}}],"collection":[{"href":"https:\/\/luknaz-sport.pl\/index.php\/wp-json\/wp\/v2\/pages"}],"about":[{"href":"https:\/\/luknaz-sport.pl\/index.php\/wp-json\/wp\/v2\/types\/page"}],"author":[{"embeddable":true,"href":"https:\/\/luknaz-sport.pl\/index.php\/wp-json\/wp\/v2\/users\/1"}],"replies":[{"embeddable":true,"href":"https:\/\/luknaz-sport.pl\/index.php\/wp-json\/wp\/v2\/comments?post=306"}],"version-history":[{"count":62,"href":"https:\/\/luknaz-sport.pl\/index.php\/wp-json\/wp\/v2\/pages\/306\/revisions"}],"predecessor-version":[{"id":582,"href":"https:\/\/luknaz-sport.pl\/index.php\/wp-json\/wp\/v2\/pages\/306\/revisions\/582"}],"wp:attachment":[{"href":"https:\/\/luknaz-sport.pl\/index.php\/wp-json\/wp\/v2\/media?parent=306"}],"curies":[{"name":"wp","href":"https:\/\/api.w.org\/{rel}","templated":true}]}}